{"id":72,"date":"2025-08-03T16:38:44","date_gmt":"2025-08-03T16:38:44","guid":{"rendered":"https:\/\/tienda.arkenco.net\/?post_type=product&#038;p=72"},"modified":"2025-08-03T16:59:46","modified_gmt":"2025-08-03T16:59:46","slug":"jockey-arkenco","status":"publish","type":"product","link":"https:\/\/tienda.arkenco.net\/?product=jockey-arkenco","title":{"rendered":"Jockey Arkenco"},"content":{"rendered":"<p data-start=\"518\" data-end=\"817\">El jockey blanco Arkenco combina estilo urbano con un mensaje audaz. Con visera curva, ajuste trasero y logo bordado al frente, es el accesorio perfecto para d\u00edas casuales o eventos de tecnolog\u00eda. El \u00edcono del cohete refleja ambici\u00f3n y crecimiento, haciendo de esta gorra una declaraci\u00f3n de identidad.<\/p>\n","protected":false},"excerpt":{"rendered":"<p>El jockey blanco Arkenco combina estilo urbano con un mensaje audaz. Con visera curva, ajuste trasero y logo bordado al frente, es el accesorio perfecto para d\u00edas casuales o eventos de tecnolog\u00eda. El \u00edcono del cohete refleja ambici\u00f3n y crecimiento, haciendo de esta gorra una declaraci\u00f3n de identidad.<\/p>\n","protected":false},"featured_media":76,"comment_status":"open","ping_status":"closed","template":"","meta":[],"product_brand":[],"product_cat":[19],"product_tag":[],"class_list":{"0":"post-72","1":"product","2":"type-product","3":"status-publish","4":"has-post-thumbnail","6":"product_cat-jockeys","8":"first","9":"instock","10":"shipping-taxable","11":"purchasable","12":"product-type-simple"},"_links":{"self":[{"href":"https:\/\/tienda.arkenco.net\/index.php?rest_route=\/wp\/v2\/product\/72","targetHints":{"allow":["GET"]}}],"collection":[{"href":"https:\/\/tienda.arkenco.net\/index.php?rest_route=\/wp\/v2\/product"}],"about":[{"href":"https:\/\/tienda.arkenco.net\/index.php?rest_route=\/wp\/v2\/types\/product"}],"replies":[{"embeddable":true,"href":"https:\/\/tienda.arkenco.net\/index.php?rest_route=%2Fwp%2Fv2%2Fcomments&post=72"}],"wp:featuredmedia":[{"embeddable":true,"href":"https:\/\/tienda.arkenco.net\/index.php?rest_route=\/wp\/v2\/media\/76"}],"wp:attachment":[{"href":"https:\/\/tienda.arkenco.net\/index.php?rest_route=%2Fwp%2Fv2%2Fmedia&parent=72"}],"wp:term":[{"taxonomy":"product_brand","embeddable":true,"href":"https:\/\/tienda.arkenco.net\/index.php?rest_route=%2Fwp%2Fv2%2Fproduct_brand&post=72"},{"taxonomy":"product_cat","embeddable":true,"href":"https:\/\/tienda.arkenco.net\/index.php?rest_route=%2Fwp%2Fv2%2Fproduct_cat&post=72"},{"taxonomy":"product_tag","embeddable":true,"href":"https:\/\/tienda.arkenco.net\/index.php?rest_route=%2Fwp%2Fv2%2Fproduct_tag&post=72"}],"curies":[{"name":"wp","href":"https:\/\/api.w.org\/{rel}","templated":true}]}}