{"id":69,"date":"2025-08-03T16:34:50","date_gmt":"2025-08-03T16:34:50","guid":{"rendered":"https:\/\/tienda.arkenco.net\/?post_type=product&#038;p=69"},"modified":"2025-08-03T16:55:54","modified_gmt":"2025-08-03T16:55:54","slug":"poleron-arkenco","status":"publish","type":"product","link":"https:\/\/tienda.arkenco.net\/?product=poleron-arkenco","title":{"rendered":"Poler\u00f3n Arkenco"},"content":{"rendered":"<p>Este poler\u00f3n con capucha de color rojo vibrante representa el esp\u00edritu innovador de Arkenco. Confeccionado con algod\u00f3n suave de alta calidad, incluye bolsillo canguro y cordones ajustables. El logo con el cohete en degradado rojo y negro al centro transmite dinamismo y modernidad. Ideal para emprendedores, desarrolladores o creativos que buscan destacar.<\/p>\n","protected":false},"excerpt":{"rendered":"<p>Este poler\u00f3n con capucha de color rojo vibrante representa el esp\u00edritu innovador de Arkenco. Confeccionado con algod\u00f3n suave de alta calidad, incluye bolsillo canguro y cordones ajustables. El logo con el cohete en degradado rojo y negro al centro transmite dinamismo y modernidad. Ideal para emprendedores, desarrolladores o creativos que buscan destacar.<\/p>\n","protected":false},"featured_media":74,"comment_status":"open","ping_status":"closed","template":"","meta":[],"product_brand":[],"product_cat":[16],"product_tag":[],"class_list":{"0":"post-69","1":"product","2":"type-product","3":"status-publish","4":"has-post-thumbnail","6":"product_cat-polerones","8":"first","9":"instock","10":"shipping-taxable","11":"purchasable","12":"product-type-simple"},"_links":{"self":[{"href":"https:\/\/tienda.arkenco.net\/index.php?rest_route=\/wp\/v2\/product\/69","targetHints":{"allow":["GET"]}}],"collection":[{"href":"https:\/\/tienda.arkenco.net\/index.php?rest_route=\/wp\/v2\/product"}],"about":[{"href":"https:\/\/tienda.arkenco.net\/index.php?rest_route=\/wp\/v2\/types\/product"}],"replies":[{"embeddable":true,"href":"https:\/\/tienda.arkenco.net\/index.php?rest_route=%2Fwp%2Fv2%2Fcomments&post=69"}],"wp:featuredmedia":[{"embeddable":true,"href":"https:\/\/tienda.arkenco.net\/index.php?rest_route=\/wp\/v2\/media\/74"}],"wp:attachment":[{"href":"https:\/\/tienda.arkenco.net\/index.php?rest_route=%2Fwp%2Fv2%2Fmedia&parent=69"}],"wp:term":[{"taxonomy":"product_brand","embeddable":true,"href":"https:\/\/tienda.arkenco.net\/index.php?rest_route=%2Fwp%2Fv2%2Fproduct_brand&post=69"},{"taxonomy":"product_cat","embeddable":true,"href":"https:\/\/tienda.arkenco.net\/index.php?rest_route=%2Fwp%2Fv2%2Fproduct_cat&post=69"},{"taxonomy":"product_tag","embeddable":true,"href":"https:\/\/tienda.arkenco.net\/index.php?rest_route=%2Fwp%2Fv2%2Fproduct_tag&post=69"}],"curies":[{"name":"wp","href":"https:\/\/api.w.org\/{rel}","templated":true}]}}